{"id":51,"date":"2025-09-26T19:00:00","date_gmt":"2025-09-26T19:00:00","guid":{"rendered":"https:\/\/ksaccountingandtax.com\/politica-de-privacidad\/"},"modified":"2026-02-04T05:34:51","modified_gmt":"2026-02-04T05:34:51","slug":"politica-de-privacidad","status":"publish","type":"page","link":"https:\/\/ksaccountingandtax.com\/es_mx\/politica-de-privacidad\/","title":{"rendered":"Pol\u00edtica de Privacidad"},"content":{"rendered":"<p>Esta Pol\u00edtica de Privacidad describe c\u00f3mo recopilamos, usamos y protegemos la informaci\u00f3n personal de los usuarios de este sitio web.<\/p>\n<p>En\u00a0<strong>KS&amp;M ADVISORS<\/strong>\u00a0respetamos y protegemos la privacidad de los usuarios que visitan nuestro sitio web\u00a0<a href=\"https:\/\/ksaccountingandtax.com\/\" target=\"_blank\" rel=\"noopener noreferrer\" data-widget-link=\"\">https:\/\/ksaccountingandtax.com\u00a0<\/a>. Esta Pol\u00edtica de Privacidad tiene como objetivo informar de forma clara y sencilla qu\u00e9 informaci\u00f3n recopilamos y c\u00f3mo la utilizamos.<\/p>\n<p>1. Responsable del tratamiento<\/p>\n<p>El responsable del tratamiento de los datos relacionados con este sitio web es el titular de\u00a0<strong>KS&amp;M ADVISORS<\/strong>, cuyos datos de contacto (tel\u00e9fono, correo electr\u00f3nico y otros medios) se encuentran disponibles en la parte inferior del sitio web.<\/p>\n<p>2. Datos que recopilamos<\/p>\n<p>A trav\u00e9s de este sitio web\u00a0<strong>no recopilamos datos personales de los usuarios<\/strong>\u00a0mediante formularios de registro, suscripci\u00f3n o comentarios.<\/p>\n<p>La \u00fanica informaci\u00f3n de contacto disponible es la que\u00a0<strong>nosotros mismos proporcionamos<\/strong>\u00a0(correo electr\u00f3nico, tel\u00e9fono u otros medios) en la parte inferior del sitio web, para que los interesados en nuestros servicios puedan comunicarse directamente con nosotros.<\/p>\n<p>3. Uso de cookies y tecnolog\u00edas similares<\/p>\n<p>Este sitio web\u00a0<strong>no utiliza cookies propias ni de terceros con fines de an\u00e1lisis, publicidad o remarketing<\/strong>.<br \/>\nEn caso de que en el futuro se incorporen cookies, esta pol\u00edtica ser\u00e1 actualizada para informar claramente sobre su uso y, cuando corresponda, se solicitar\u00e1 el consentimiento del usuario.<\/p>\n<p>4. Enlaces a sitios de terceros<\/p>\n<p>Nuestro sitio web puede contener enlaces a p\u00e1ginas externas de terceros. No somos responsables de las pr\u00e1cticas de privacidad ni del contenido de dichos sitios web. Se recomienda revisar las pol\u00edticas de privacidad de cada sitio que visites.<\/p>\n<p>5. Seguridad de la informaci\u00f3n<\/p>\n<p>Aunque no recopilamos datos personales de los usuarios a trav\u00e9s de este sitio web, mantenemos medidas razonables de seguridad para proteger la informaci\u00f3n b\u00e1sica de contacto que ponemos a disposici\u00f3n del p\u00fablico frente a accesos no autorizados o usos indebidos.<\/p>\n<p>6. Cambios en esta pol\u00edtica de privacidad<\/p>\n<p>Podemos actualizar esta Pol\u00edtica de Privacidad cuando sea necesario, por ejemplo, si a\u00f1adimos nuevas funcionalidades al sitio web. Cualquier cambio ser\u00e1 publicado en esta misma p\u00e1gina indicando la fecha de la \u00faltima actualizaci\u00f3n.<\/p>\n","protected":false},"excerpt":{"rendered":"<p>Esta Pol\u00edtica de Privacidad describe c\u00f3mo recopilamos, usamos y protegemos la informaci\u00f3n personal de los usuarios de este sitio web. En\u00a0KS&amp;M ADVISORS\u00a0respetamos y protegemos la privacidad de los usuarios que visitan nuestro sitio web\u00a0https:\/\/ksaccountingandtax.com\u00a0. Esta Pol\u00edtica de Privacidad tiene como objetivo informar de forma clara y sencilla qu\u00e9 informaci\u00f3n recopilamos y c\u00f3mo la utilizamos. 1. [&hellip;]<\/p>\n","protected":false},"author":1,"featured_media":0,"parent":0,"menu_order":0,"comment_status":"closed","ping_status":"closed","template":"","meta":{"_uag_custom_page_level_css":"","footnotes":""},"class_list":["post-51","page","type-page","status-publish","hentry"],"_hostinger_reach_plugin_has_subscription_block":false,"_hostinger_reach_plugin_is_elementor":false,"uagb_featured_image_src":{"full":false,"thumbnail":false,"medium":false,"medium_large":false,"large":false,"1536x1536":false,"2048x2048":false,"trp-custom-language-flag":false,"blog-thumb":false,"blog-full":false},"uagb_author_info":{"display_name":"kennyasm98@gmail.com","author_link":"https:\/\/ksaccountingandtax.com\/es_mx\/author\/kennyasm98gmail-com\/"},"uagb_comment_info":0,"uagb_excerpt":"Esta Pol\u00edtica de Privacidad describe c\u00f3mo recopilamos, usamos y protegemos la informaci\u00f3n personal de los usuarios de este sitio web. En\u00a0KS&amp;M ADVISORS\u00a0respetamos y protegemos la privacidad de los usuarios que visitan nuestro sitio web\u00a0https:\/\/ksaccountingandtax.com\u00a0. Esta Pol\u00edtica de Privacidad tiene como objetivo informar de forma clara y sencilla qu\u00e9 informaci\u00f3n recopilamos y c\u00f3mo la utilizamos. 1.&hellip;","_links":{"self":[{"href":"https:\/\/ksaccountingandtax.com\/es_mx\/wp-json\/wp\/v2\/pages\/51","targetHints":{"allow":["GET"]}}],"collection":[{"href":"https:\/\/ksaccountingandtax.com\/es_mx\/wp-json\/wp\/v2\/pages"}],"about":[{"href":"https:\/\/ksaccountingandtax.com\/es_mx\/wp-json\/wp\/v2\/types\/page"}],"author":[{"embeddable":true,"href":"https:\/\/ksaccountingandtax.com\/es_mx\/wp-json\/wp\/v2\/users\/1"}],"replies":[{"embeddable":true,"href":"https:\/\/ksaccountingandtax.com\/es_mx\/wp-json\/wp\/v2\/comments?post=51"}],"version-history":[{"count":1,"href":"https:\/\/ksaccountingandtax.com\/es_mx\/wp-json\/wp\/v2\/pages\/51\/revisions"}],"predecessor-version":[{"id":110,"href":"https:\/\/ksaccountingandtax.com\/es_mx\/wp-json\/wp\/v2\/pages\/51\/revisions\/110"}],"wp:attachment":[{"href":"https:\/\/ksaccountingandtax.com\/es_mx\/wp-json\/wp\/v2\/media?parent=51"}],"curies":[{"name":"wp","href":"https:\/\/api.w.org\/{rel}","templated":true}]}}