{"id":9,"date":"2025-09-24T22:44:12","date_gmt":"2025-09-24T22:44:12","guid":{"rendered":"https:\/\/ksaccountingandtax.com\/home\/"},"modified":"2026-01-07T02:54:42","modified_gmt":"2026-01-07T02:54:42","slug":"home","status":"publish","type":"page","link":"https:\/\/ksaccountingandtax.com\/en\/","title":{"rendered":"Home"},"content":{"rendered":"<div class=\"wp-block-group alignwide hostinger-ai-about-us-4 hostinger-ai-fade-up has-global-padding is-layout-constrained wp-block-group-is-layout-constrained\" data-aos=\"fade-up\" style=\"padding-top:0;padding-bottom:0\">\n<div class=\"wp-block-group alignwide hostinger-ai-fade-up is-nowrap is-layout-flex wp-container-core-group-is-layout-4ac5639c wp-block-group-is-layout-flex\" data-aos=\"fade-up\" style=\"margin-bottom:0;padding-top:0;padding-bottom:var(--wp--preset--spacing--30)\">\n<div class=\"wp-block-columns is-layout-flex wp-container-core-columns-is-layout-28f84493 wp-block-columns-is-layout-flex\">\n<div class=\"wp-block-column is-layout-flow wp-block-column-is-layout-flow\" style=\"flex-basis:50%\">\n<h2 class=\"wp-block-heading hostinger-ai-title has-x-large-font-size\" style=\"margin-bottom:0\">Cotablility experts<\/h2>\n<\/div>\n\n\n\n<div class=\"wp-block-column is-vertically-aligned-center has-small-font-size has-global-padding is-layout-constrained wp-block-column-is-layout-constrained\" style=\"flex-basis:50%\">\n<p class=\"hostinger-ai-description has-medium-font-size\">KS&amp;M Advisors offers expert blogs on accounting, financial statements and auditing trends tailored to Panamanian business professionals.<\/p>\n\n\n\n<div class=\"wp-block-buttons is-layout-flex wp-block-buttons-is-layout-flex\" style=\"margin-top:var(--wp--preset--spacing--50)\"><\/div>\n<\/div>\n<\/div>\n<\/div>\n\n\n\n<div class=\"wp-block-group alignwide image-row hostinger-ai-fade-up is-layout-flex wp-block-group-is-layout-flex\" data-aos=\"fade-up\" style=\"margin-bottom:0;padding-top:var(--wp--preset--spacing--30)\">\n<figure class=\"wp-block-image size-full has-custom-border hostinger-ai-image hostinger-index-6\"><img decoding=\"async\" src=\"https:\/\/images.unsplash.com\/photo-1617608408920-cedf61782cbb?q=85&amp;w=350&amp;h=300&amp;fit=crop\" alt=\"A hand is holding a smartphone displaying a financial chart with fluctuations in orange lines. The background features blurred computer screens with a dark theme.\" class=\"wp-image-487\" style=\"border-radius:20px\"\/><\/figure>\n\n\n\n<figure class=\"wp-block-image alignfull size-full has-custom-border hostinger-ai-image hostinger-index-7\"><img decoding=\"async\" src=\"https:\/\/images.unsplash.com\/photo-1535504663857-dab4d2908557?q=85&amp;w=750&amp;h=300&amp;fit=crop\" alt=\"An interior space with a high ceiling featuring a large electronic board displaying various financial data and numbers. There is modern seating with red and white chairs, and a person is walking through the room.\" class=\"wp-image-486\" style=\"border-radius:20px\"\/><\/figure>\n<\/div>\n<\/div>\n\n\n\n<div class=\"wp-block-group alignfull hostinger-ai-our-services-2 hostinger-ai-fade-up has-color-2-background-color has-background has-global-padding is-layout-constrained wp-block-group-is-layout-constrained\" data-aos=\"fade-up\" style=\"margin-bottom:0;padding-top:var(--wp--preset--spacing--60);padding-bottom:var(--wp--preset--spacing--60)\">\n<div class=\"wp-block-group alignwide hostinger-ai-fade-up has-global-padding is-content-justification-left is-layout-constrained wp-container-core-group-is-layout-12dd3699 wp-block-group-is-layout-constrained\" data-aos=\"fade-up\">\n<h2 class=\"wp-block-heading is-style-default hostinger-ai-title has-light-color has-text-color has-link-color has-x-large-font-size wp-elements-f1e86dd469f3379db6a3fa475af854ef\" style=\"margin-bottom:var(--wp--preset--spacing--50)\">Expert perspective<\/h2>\n\n\n\n<div class=\"wp-block-group alignwide hostinger-ai-fade-up is-layout-grid wp-container-core-group-is-layout-88c98fc8 wp-block-group-is-layout-grid\" data-aos=\"fade-up\">\n<div class=\"wp-block-group hostinger-ai-fade-up has-global-padding is-layout-constrained wp-container-core-group-is-layout-29a8626f wp-block-group-is-layout-constrained\" data-aos=\"fade-up\" style=\"padding-top:0;padding-right:var(--wp--preset--spacing--20);padding-bottom:0;padding-left:var(--wp--preset--spacing--20)\">\n<figure class=\"wp-block-image size-full has-custom-border hostinger-ai-service-image\"><img decoding=\"async\" src=\"https:\/\/images.unsplash.com\/photo-1618650551428-199e32d38059?q=85&amp;w=340&amp;h=340&amp;fit=crop\" alt=\"A close-up of a printed financial newspaper or report featuring numbers and text organized in columns and rows. There is a percentage symbol placed within a red circle on a green background, possibly indicating financial data or statistics.\" class=\"wp-image-160\" style=\"border-radius:20px\"\/><\/figure>\n\n\n\n<p class=\"hostinger-ai-service-description has-light-color has-text-color has-link-color has-medium-font-size wp-elements-4d791921c60a934f72089180d3d47cbf\" style=\"margin-top:var(--wp--preset--spacing--40)\">In-depth blogs covering accounting principles, financial statements and auditing practices in Panama.<\/p>\n<\/div>\n\n\n\n<div class=\"wp-block-group hostinger-ai-fade-up has-global-padding is-layout-constrained wp-container-core-group-is-layout-c9115f92 wp-block-group-is-layout-constrained\" data-aos=\"fade-up\" style=\"padding-right:var(--wp--preset--spacing--20);padding-left:var(--wp--preset--spacing--20)\">\n<figure class=\"wp-block-image size-full has-custom-border hostinger-ai-service-image hostinger-index-1\"><img decoding=\"async\" src=\"https:\/\/images.unsplash.com\/photo-1506555191898-a76bacf004ca?q=85&amp;w=340&amp;h=340&amp;fit=crop\" alt=\"A board displays various financial numbers, including positive and negative values with decimal points. The numbers are aligned in columns, suggesting a stock market or financial data context. The overall scene conveys a sense of an analytic or financial environment.\" class=\"wp-image-160\" style=\"border-radius:20px\"\/><\/figure>\n\n\n\n<p class=\"hostinger-ai-service-description hostinger-index-1 has-light-color has-text-color has-link-color has-medium-font-size wp-elements-099b8417078ec9400fdebaa893cc2978\" style=\"margin-top:var(--wp--preset--spacing--40)\">Timely analysis of industry trends that help professionals stay ahead in the Panamanian market.<\/p>\n<\/div>\n\n\n\n<div class=\"wp-block-group hostinger-ai-fade-up has-global-padding is-layout-constrained wp-container-core-group-is-layout-c9115f92 wp-block-group-is-layout-constrained\" data-aos=\"fade-up\" style=\"padding-right:var(--wp--preset--spacing--20);padding-left:var(--wp--preset--spacing--20)\">\n<figure class=\"wp-block-image size-full has-custom-border hostinger-ai-service-image hostinger-index-2\"><img decoding=\"async\" src=\"https:\/\/images.unsplash.com\/photo-1620266757065-5814239881fd?q=85&amp;w=340&amp;h=340&amp;fit=crop\" alt=\"Hands typing on a laptop keyboard with a screen displaying financial graphs and stock market data. Multiple charts and numbers are visible, indicating online trading or financial analysis.\" class=\"wp-image-160\" style=\"border-radius:20px\"\/><\/figure>\n\n\n\n<p class=\"hostinger-ai-service-description hostinger-index-2 has-light-color has-text-color has-link-color has-medium-font-size wp-elements-de674293f2f276fed8acc391697bf058\" style=\"margin-top:var(--wp--preset--spacing--40)\">Comprehensive resources and frequently asked questions designed to support accounting and auditing professionals.<\/p>\n<\/div>\n<\/div>\n<\/div>\n<\/div>\n\n\n\n<div class=\"wp-block-group alignfull hostinger-ai-solid-block hostinger-ai-fade-up has-color-1-background-color has-background has-global-padding is-layout-constrained wp-block-group-is-layout-constrained\" data-aos=\"fade-up\" style=\"padding-top:var(--wp--preset--spacing--60);padding-bottom:var(--wp--preset--spacing--60)\">\n<div class=\"wp-block-group alignwide hostinger-ai-fade-up is-vertical is-content-justification-center is-nowrap is-layout-flex wp-container-core-group-is-layout-4cc6ee0a wp-block-group-is-layout-flex\" data-aos=\"fade-up\" style=\"min-height:0px;padding-top:0;padding-bottom:0\">\n<div class=\"wp-block-group hostinger-ai-fade-up wp-container-content-69bc4bdf has-global-padding is-content-justification-center is-layout-constrained wp-container-core-group-is-layout-78267832 wp-block-group-is-layout-constrained\" data-aos=\"fade-up\">\n<p>Stay informed with expert blogs on trends in accounting, financial statements and auditing in Panama.<\/p>\n\n\n\n<p class=\"has-text-align-center hostinger-ai-description has-dark-color has-text-color has-link-color has-medium-font-size wp-elements-a937a2dcfd8fe23b86344880bf32cfe5\" style=\"margin-top:var(--wp--preset--spacing--20);margin-bottom:var(--wp--preset--spacing--50)\"><\/p>\n\n\n\n<div class=\"wp-block-buttons is-content-justification-center is-layout-flex wp-container-core-buttons-is-layout-a89b3969 wp-block-buttons-is-layout-flex\">\n<div class=\"wp-block-button hostinger-ai-cta-button\"><a class=\"wp-block-button__link has-dark-color has-contrast-background-color has-text-color has-background has-link-color has-border-color has-medium-font-size has-custom-font-size wp-element-button\" href=\"https:\/\/ksaccountingandtax.com\/en\/blog\/\" style=\"border-color:#0d141a;border-width:1px;border-radius:50px;padding-top:var(--wp--preset--spacing--30);padding-right:var(--wp--preset--spacing--70);padding-bottom:var(--wp--preset--spacing--30);padding-left:var(--wp--preset--spacing--70);box-shadow:none\">Explore<\/a><\/div>\n<\/div>\n<\/div>\n<\/div>\n<\/div>","protected":false},"excerpt":{"rendered":"<p>Expertos en cotablilidad KS&amp;M Advisors Ofrece blogs de expertos sobre contabilidad, estados financieros y tendencias de auditor\u00eda adaptados a los profesionales de negocios de Panam\u00e1. Perspectiva de expertos Blogs en profundidad que cubren principios contables, estados financieros y pr\u00e1cticas de auditor\u00eda en Panam\u00e1. An\u00e1lisis oportunos de las tendencias del sector que ayudan a los profesionales [&hellip;]<\/p>","protected":false},"author":1,"featured_media":0,"parent":0,"menu_order":0,"comment_status":"closed","ping_status":"closed","template":"","meta":{"_uag_custom_page_level_css":"","footnotes":""},"class_list":["post-9","page","type-page","status-publish","hentry"],"_hostinger_reach_plugin_has_subscription_block":false,"_hostinger_reach_plugin_is_elementor":false,"uagb_featured_image_src":{"full":false,"thumbnail":false,"medium":false,"medium_large":false,"large":false,"1536x1536":false,"2048x2048":false,"trp-custom-language-flag":false,"blog-thumb":false,"blog-full":false},"uagb_author_info":{"display_name":"kennyasm98@gmail.com","author_link":"https:\/\/ksaccountingandtax.com\/en\/author\/kennyasm98gmail-com\/"},"uagb_comment_info":0,"uagb_excerpt":"Expertos en cotablilidad KS&amp;M Advisors Ofrece blogs de expertos sobre contabilidad, estados financieros y tendencias de auditor\u00eda adaptados a los profesionales de negocios de Panam\u00e1. Perspectiva de expertos Blogs en profundidad que cubren principios contables, estados financieros y pr\u00e1cticas de auditor\u00eda en Panam\u00e1. An\u00e1lisis oportunos de las tendencias del sector que ayudan a los profesionales&hellip;","_links":{"self":[{"href":"https:\/\/ksaccountingandtax.com\/en\/wp-json\/wp\/v2\/pages\/9","targetHints":{"allow":["GET"]}}],"collection":[{"href":"https:\/\/ksaccountingandtax.com\/en\/wp-json\/wp\/v2\/pages"}],"about":[{"href":"https:\/\/ksaccountingandtax.com\/en\/wp-json\/wp\/v2\/types\/page"}],"author":[{"embeddable":true,"href":"https:\/\/ksaccountingandtax.com\/en\/wp-json\/wp\/v2\/users\/1"}],"replies":[{"embeddable":true,"href":"https:\/\/ksaccountingandtax.com\/en\/wp-json\/wp\/v2\/comments?post=9"}],"version-history":[{"count":3,"href":"https:\/\/ksaccountingandtax.com\/en\/wp-json\/wp\/v2\/pages\/9\/revisions"}],"predecessor-version":[{"id":108,"href":"https:\/\/ksaccountingandtax.com\/en\/wp-json\/wp\/v2\/pages\/9\/revisions\/108"}],"wp:attachment":[{"href":"https:\/\/ksaccountingandtax.com\/en\/wp-json\/wp\/v2\/media?parent=9"}],"curies":[{"name":"wp","href":"https:\/\/api.w.org\/{rel}","templated":true}]}}