{"id":10,"date":"2025-09-24T22:44:12","date_gmt":"2025-09-24T22:44:12","guid":{"rendered":"https:\/\/ksaccountingandtax.com\/blog\/"},"modified":"2026-01-07T01:28:41","modified_gmt":"2026-01-07T01:28:41","slug":"blog","status":"publish","type":"page","link":"https:\/\/ksaccountingandtax.com\/en\/blog\/","title":{"rendered":"Blog"},"content":{"rendered":"<div class=\"wp-block-group alignfull hostinger-ai-our-blog-1 hostinger-ai-fade-up has-global-padding is-layout-constrained wp-block-group-is-layout-constrained\" data-aos=\"fade-up\">\n<div class=\"wp-block-group alignwide hostinger-ai-fade-up has-global-padding is-content-justification-left is-layout-constrained wp-container-core-group-is-layout-12dd3699 wp-block-group-is-layout-constrained\" data-aos=\"fade-up\">\n<div data-wp-context=\"{}\" data-wp-interactive=\"core\/query\" data-wp-key=\"24\" data-wp-router-region=\"query-24\" class=\"wp-block-query alignwide is-layout-flow wp-block-query-is-layout-flow\"><ul class=\"columns-2 post-item wp-block-post-template is-layout-grid wp-container-core-post-template-is-layout-02493678 wp-block-post-template-is-layout-grid\"><li data-wp-key=\"post-template-item-88\" class=\"wp-block-post post-88 post type-post status-publish format-standard has-post-thumbnail hentry category-contabilidad\">\n<figure class=\"wp-block-post-featured-image\"><a href=\"https:\/\/ksaccountingandtax.com\/en\/contabilidad-de-constructoras\/\" target=\"_self\"  ><img loading=\"lazy\" decoding=\"async\" width=\"530\" height=\"250\" src=\"https:\/\/ksaccountingandtax.com\/wp-content\/uploads\/2025\/10\/money-2696229_1280-530x250.jpg\" class=\"attachment-blog-thumb size-blog-thumb wp-post-image\" alt=\"Contabilidad de Constructoras\" style=\"border-radius:20px;object-fit:cover;\" \/><\/a><\/figure>\n\n<h2 style=\"margin-bottom:0;margin-top:var(--wp--preset--spacing--20);\" class=\"wp-block-post-title has-large-font-size\"><a href=\"https:\/\/ksaccountingandtax.com\/en\/contabilidad-de-constructoras\/\" target=\"_self\" >Construction Accounting<\/a><\/h2>\n\n<div style=\"margin-bottom:0;margin-top:var(--wp--preset--spacing--20);\" class=\"wp-block-post-excerpt\"><p class=\"wp-block-post-excerpt__excerpt\">Accounting for construction companies is a specialized branch of accounting that focuses on the recording, control and analysis of the financial... <\/p><\/div>\n\n<div style=\"margin-top:var(--wp--preset--spacing--20);\" class=\"wp-block-post-date\"><time datetime=\"2025-10-04T22:02:06+00:00\">10\/4\/2025<\/time><\/div>\n<\/li><li data-wp-key=\"post-template-item-46\" class=\"wp-block-post post-46 post type-post status-publish format-standard has-post-thumbnail hentry category-estados-financieros\">\n<figure class=\"wp-block-post-featured-image\"><a href=\"https:\/\/ksaccountingandtax.com\/en\/elaboracion-y-analisis-de-estados-financieros-en-panama\/\" target=\"_self\"  ><img loading=\"lazy\" decoding=\"async\" width=\"530\" height=\"250\" src=\"https:\/\/ksaccountingandtax.com\/wp-content\/uploads\/2025\/09\/ge52a88e584b45ce0b16e6c73e6aee235b716aac93396d97b072de06630121e328669cd2513432a5370831f43cbe50e51_1280-385506-530x250.jpg\" class=\"attachment-blog-thumb size-blog-thumb wp-post-image\" alt=\"Elaboraci\u00f3n y An\u00e1lisis de Estados Financieros en Panam\u00e1.\" style=\"border-radius:20px;object-fit:cover;\" \/><\/a><\/figure>\n\n<h2 style=\"margin-bottom:0;margin-top:var(--wp--preset--spacing--20);\" class=\"wp-block-post-title has-large-font-size\"><a href=\"https:\/\/ksaccountingandtax.com\/en\/elaboracion-y-analisis-de-estados-financieros-en-panama\/\" target=\"_self\" >Preparation and Analysis of Financial Statements in Panama.<\/a><\/h2>\n\n<div style=\"margin-bottom:0;margin-top:var(--wp--preset--spacing--20);\" class=\"wp-block-post-excerpt\"><p class=\"wp-block-post-excerpt__excerpt\">The preparation and analysis of financial statements in Panama is a fundamental process for business decision making, the preparation and analysis of... <\/p><\/div>\n\n<div style=\"margin-top:var(--wp--preset--spacing--20);\" class=\"wp-block-post-date\"><time datetime=\"2025-09-26T18:51:14+00:00\">9\/26\/2025<\/time><\/div>\n<\/li><\/ul><\/div>\n<\/div>\n<\/div>\n\n\n\n<div class=\"wp-block-group alignwide hostinger-ai-fade-up has-global-padding is-layout-constrained wp-block-group-is-layout-constrained\" data-aos=\"fade-up\">\n<div class=\"wp-block-group alignwide is-layout-flow wp-block-group-is-layout-flow\"><\/div>\n<\/div>","protected":false},"excerpt":{"rendered":"","protected":false},"author":1,"featured_media":0,"parent":0,"menu_order":0,"comment_status":"closed","ping_status":"closed","template":"","meta":{"_uag_custom_page_level_css":"","footnotes":""},"class_list":["post-10","page","type-page","status-publish","hentry"],"_hostinger_reach_plugin_has_subscription_block":false,"_hostinger_reach_plugin_is_elementor":false,"uagb_featured_image_src":{"full":false,"thumbnail":false,"medium":false,"medium_large":false,"large":false,"1536x1536":false,"2048x2048":false,"trp-custom-language-flag":false,"blog-thumb":false,"blog-full":false},"uagb_author_info":{"display_name":"kennyasm98@gmail.com","author_link":"https:\/\/ksaccountingandtax.com\/en\/author\/kennyasm98gmail-com\/"},"uagb_comment_info":0,"uagb_excerpt":null,"_links":{"self":[{"href":"https:\/\/ksaccountingandtax.com\/en\/wp-json\/wp\/v2\/pages\/10","targetHints":{"allow":["GET"]}}],"collection":[{"href":"https:\/\/ksaccountingandtax.com\/en\/wp-json\/wp\/v2\/pages"}],"about":[{"href":"https:\/\/ksaccountingandtax.com\/en\/wp-json\/wp\/v2\/types\/page"}],"author":[{"embeddable":true,"href":"https:\/\/ksaccountingandtax.com\/en\/wp-json\/wp\/v2\/users\/1"}],"replies":[{"embeddable":true,"href":"https:\/\/ksaccountingandtax.com\/en\/wp-json\/wp\/v2\/comments?post=10"}],"version-history":[{"count":2,"href":"https:\/\/ksaccountingandtax.com\/en\/wp-json\/wp\/v2\/pages\/10\/revisions"}],"predecessor-version":[{"id":106,"href":"https:\/\/ksaccountingandtax.com\/en\/wp-json\/wp\/v2\/pages\/10\/revisions\/106"}],"wp:attachment":[{"href":"https:\/\/ksaccountingandtax.com\/en\/wp-json\/wp\/v2\/media?parent=10"}],"curies":[{"name":"wp","href":"https:\/\/api.w.org\/{rel}","templated":true}]}}